{"id":3895,"date":"2021-08-30T07:39:24","date_gmt":"2021-08-30T07:39:24","guid":{"rendered":"https:\/\/jgraphx.com\/home\/"},"modified":"2024-09-05T16:33:32","modified_gmt":"2024-09-05T20:33:32","slug":"home","status":"publish","type":"page","link":"https:\/\/jgraphx.com\/en\/","title":{"rendered":"Home"},"content":{"rendered":"\r\n<p><a href=\"https:\/\/jgraphx.com\/en\/services\/\" target=\"_self\" rel=\"noopener\"><img decoding=\"async\" src=\"https:\/\/jgraphx.com\/wp-content\/uploads\/2022\/01\/img3.jpg\" alt=\"\" \/><\/a><\/p>\r\n<h2>PRICE, QUALITY AND SERVICE GUARANTEED!<\/h2>\r\n<p>SEE OUR PRODUCTS<\/p>\r\n<p><a role=\"button\" href=\"https:\/\/jgraphx.com\/en\/services\/\" target=\"_self\" rel=\"noopener\"> PRODUCTS <\/a> <a href=\"https:\/\/jgraphx.com\/en\/services\/\" target=\"_self\" rel=\"noopener\"><img decoding=\"async\" src=\"https:\/\/jgraphx.com\/wp-content\/uploads\/2022\/01\/img3.jpg\" alt=\"\" \/><\/a> <a href=\"https:\/\/jgraphx.com\/en\/services\/\" target=\"_self\" rel=\"noopener\"><img decoding=\"async\" src=\"https:\/\/jgraphx.com\/wp-content\/uploads\/2022\/01\/img1-2.jpg\" alt=\"\" \/><\/a><\/p>\r\n<h2>PRICE, QUALITY AND SERVICE GUARANTEED!<\/h2>\r\n<p>SEE OUR PRODUCTS<\/p>\r\n<p><a role=\"button\" href=\"https:\/\/jgraphx.com\/en\/services\/\" target=\"_self\" rel=\"noopener\"> LEARN MORE <\/a> <a href=\"https:\/\/jgraphx.com\/en\/services\/\" target=\"_self\" rel=\"noopener\"><img decoding=\"async\" src=\"https:\/\/jgraphx.com\/wp-content\/uploads\/2022\/01\/img1-2.jpg\" alt=\"\" \/><\/a> <a href=\"https:\/\/jgraphx.com\/en\/services\/\" target=\"_self\" rel=\"noopener\"><img decoding=\"async\" src=\"https:\/\/jgraphx.com\/wp-content\/uploads\/2022\/01\/img2-2.jpg\" alt=\"\" \/><\/a><\/p>\r\n<h2>WE OFFER PRINT SERVICES<\/h2>\r\n<p>FOR ALL YOUR NEEDS<\/p>\r\n<p><a role=\"button\" href=\"https:\/\/jgraphx.com\/en\/services\/\" target=\"_self\" rel=\"noopener\"> LEARN MORE <\/a> <a href=\"https:\/\/jgraphx.com\/en\/services\/\" target=\"_self\" rel=\"noopener\"><img decoding=\"async\" src=\"https:\/\/jgraphx.com\/wp-content\/uploads\/2022\/01\/img2-2.jpg\" alt=\"\" \/><\/a> <a href=\"https:\/\/jgraphx.com\/en\/services\/\" target=\"_self\" rel=\"noopener\"><img decoding=\"async\" src=\"https:\/\/jgraphx.com\/wp-content\/uploads\/2022\/01\/img4-2.jpg\" alt=\"\" \/><\/a><\/p>\r\n<h2>COLOUR PRINT<br \/>0.25$ \/ PAGE<\/h2>\r\n<p>MINIMUM 1000 PAGES<\/p>\r\n<p><a role=\"button\" href=\"https:\/\/jgraphx.com\/en\/services\/\" target=\"_self\" rel=\"noopener\"> LEARN MORE <\/a> <a href=\"https:\/\/jgraphx.com\/en\/services\/\" target=\"_self\" rel=\"noopener\"><img decoding=\"async\" src=\"https:\/\/jgraphx.com\/wp-content\/uploads\/2022\/01\/img4-2.jpg\" alt=\"\" \/><\/a><\/p>\r\n<h3>Product categories<\/h3>\r\n<p><img loading=\"lazy\" decoding=\"async\" title=\"Promo_Button_eng\" src=\"https:\/\/jgraphx.com\/wp-content\/uploads\/2022\/04\/Promo_Button_eng.png\" alt=\"Promo_Button_eng\" width=\"467\" height=\"303\" \/> <a href=\"https:\/\/jgraphx.com\/en\/services\/banniere-retractable\/\" target=\"_self\" rel=\"noopener\"> <img loading=\"lazy\" decoding=\"async\" title=\"# Promo 101R\" src=\"https:\/\/jgraphx.com\/wp-content\/uploads\/2022\/04\/Promo-101R.png\" alt=\"# Promo 101R\" width=\"571\" height=\"374\" \/> <\/a><\/p>\r\n<p><strong>Retractable Banner<\/strong><\/p>\r\n<p><a href=\"https:\/\/jgraphx.com\/en\/services\/depliants\/\" target=\"_self\" rel=\"noopener\"> <img loading=\"lazy\" decoding=\"async\" title=\"_ Promo 103_Revised0624_Eng\" src=\"https:\/\/jgraphx.com\/wp-content\/uploads\/2022\/04\/Promo-103_Revised0624_Eng.png\" alt=\"_ Promo 103_Revised0624_Eng\" width=\"571\" height=\"374\" \/> <\/a><\/p>\r\n<p><strong>Brochures \/ Flyers<\/strong><\/p>\r\n<p><a href=\"https:\/\/jgraphx.com\/en\/services\/cartes-postales\/\" target=\"_self\" rel=\"noopener\"> <img loading=\"lazy\" decoding=\"async\" title=\"# Promo 105_Revised_ENG\" src=\"https:\/\/jgraphx.com\/wp-content\/uploads\/2022\/03\/Promo-105_Revised_ENG.png\" alt=\"# Promo 105_Revised_ENG\" width=\"571\" height=\"374\" \/> <\/a><\/p>\r\n<p><strong>Postcards<\/strong><\/p>\r\n<p><img loading=\"lazy\" decoding=\"async\" title=\"grey\" src=\"https:\/\/jgraphx.com\/wp-content\/uploads\/2022\/04\/grey.png\" alt=\"grey\" width=\"467\" height=\"303\" \/> <a href=\"https:\/\/jgraphx.com\/en\/services\/promotional-flags\/\" target=\"_self\" rel=\"noopener\"> <img loading=\"lazy\" decoding=\"async\" title=\"Flag_REVISED_ENG\" src=\"https:\/\/jgraphx.com\/wp-content\/uploads\/2022\/04\/Flag_REVISED_ENG-1.png\" alt=\"Flag_REVISED_ENG\" width=\"571\" height=\"374\" \/> <\/a><\/p>\r\n<p><strong>Promotional flags<\/strong><\/p>\r\n<p><a href=\"https:\/\/jgraphx.com\/en\/services\/catalogues\/\" target=\"_self\" rel=\"noopener\"> <img loading=\"lazy\" decoding=\"async\" title=\"# Promo 102_REVISED_ENG\" src=\"https:\/\/jgraphx.com\/wp-content\/uploads\/2022\/03\/Promo-102_REVISED_ENG.png\" alt=\"# Promo 102_REVISED_ENG\" width=\"571\" height=\"374\" \/> <\/a><\/p>\r\n<p><strong>Catalogs<\/strong><\/p>\r\n<p><a href=\"https:\/\/jgraphx.com\/en\/services\/cartes-daffaires\/\" target=\"_self\" rel=\"noopener\"> <img loading=\"lazy\" decoding=\"async\" title=\"_ Promo 104_REVISED_0624_ENG\" src=\"https:\/\/jgraphx.com\/wp-content\/uploads\/2022\/04\/Promo-104_REVISED_0624_ENG.png\" alt=\"_ Promo 104_REVISED_0624_ENG\" width=\"571\" height=\"374\" \/> <\/a><\/p>\r\n<p><strong>Business Cards\u00a0<\/strong><\/p>\r\n<p><a role=\"button\" href=\"https:\/\/jgraphx.com\/en\/services\/\" target=\"_self\" rel=\"noopener\"> SEE ALL PRODUCTS <\/a><\/p>\r\n<h1>testimonials<\/h1>\r\n<h3>What Our Customers<br \/>Say About Us<\/h3>\r\n<p>I had a big last minute order for them&#8230;they were able to complete it, perfectly, in less time than expected. Everything was done with a smile and excellent customer service. Not to mention at about 1\/3 of the price of the competition!!<strong>Magda Bishay<\/strong><\/p>\r\n<p>We&#8217;ve been using Jgraphx for just over 5 years for all of our nonprofit printing needs. We were extremely satisfied with the high quality of the work, the professionalism of the entire team and their great responsiveness to our needs. We have referred many other clients over the years and their feedback has always been very positive. Thank you !!!<strong>Heidy Wager<\/strong><br \/><strong>Executive Director<\/strong><br \/><strong>Hear Entendre Qu\u00e9bec<\/strong><\/p>\r\n<p>Our company has been working with Jgraphx for 6-7 years. Joe and his team did a great job accommodating our needs, even last minute requests!! I would recommend Jgraphx to anyone looking for a full service professional print shop &#8211; Joe &#8211; thanks again!!<strong>Michel Rabin<\/strong><br \/><strong>Country Manager &#8211; Am\u00e9rique<\/strong><br \/><strong>Morgan Tecnica Am\u00e9rique Inc.<\/strong><\/p>\r\n<p>Very good service! I place my order and receive it the next day. Great staff too. I highly recommend Jgraphx for your printing needs!!!<strong>Smardt Inc<\/strong><\/p>\r\n<p>JGraphx has outstanding service. They are extremely professional and offer very competitive prices. Highly recommend!<strong>Hillary Cohen<\/strong><br \/><strong>Directrice Marketing Digitale\/Responsable Marketing Digital<\/strong><br \/><strong>Groupe sutton &#8211; performer inc.<\/strong><\/p>\r\n<p>I have been using this company for our printing needs for years. Whether it was for a quick job, a big project or a unique need, they were always helpful, friendly and professional. My favorite printer in the West Island by far.Allan H\u00e9ron<br \/>Directeur g\u00e9n\u00e9ral | Directeur Ex\u00e9cutif<br \/>Jeunesse sans limite | Jeunesse illimit\u00e9e<\/p>\r\n<p>Our company has been working with JGraphx for years and I have nothing but amazing things to say about this company! They have been there for us on several occasions and I highly recommend them for all your projects. Very professional, courteous and they always produce phenomenal work.<strong>Anne Leduc<\/strong><br \/><strong>Vortex<\/strong><br \/><strong>Administratrice de bureau\/ Office Administrator<\/strong><\/p>\r\n<p>Great service. Joe and his team are reliable and fast. Highly recommend for any printing needs.<strong>Chris Sarena<\/strong><br \/><strong>Mitilias<\/strong><br \/><strong>Manufacturier de produits \u00e9pilatoires<\/strong><\/p>\r\n<p>Jgraphx has excellent customer service. I have always felt that the employees were close to their customers and to their community. Every time I submitted an order or a job, I felt that my needs were taken into consideration. On several occasions we have had rush orders, and Jgraphx has always delivered on time and with a smile. This is certainly why I have been a client for over ten years and why I have referred others.<strong>Jos\u00e9e champagne, MSS<\/strong><br \/><strong>Aneb Qu\u00e9bec<\/strong><br \/><strong>Directrice g\u00e9n\u00e9rale<\/strong><\/p>\r\n<p>In a market dominated by big box stores and online printing options, Jgraphx offers customer service, unbeatable prices and personal expertise for every printing need. I can&#8217;t say enough how happy I am with the large custom order I received with great help from the owner and staff.<strong>Geoffrey Wright<\/strong><\/p>\r\n<p>Very good experience! I have worked with Jgraphx for several projects and always satisfied with the results of the final products delivered.<strong>Carolane Primeau<\/strong><br \/><strong>Coordonnatrice marketing et design graphique<\/strong><br \/><strong>Coordinatrice Marketing &amp; Design Graphique<\/strong><br \/><strong>\u00c9GLO CANADA<\/strong><\/p>\r\n<p>We have been working with J Graphx for many years. Always professional, fast and high quality service regardless of the size of our order.<strong>Cheryl Hamby<\/strong><br \/><strong>soutien du minist\u00e8re<\/strong><br \/><strong>Jeunesse Sans Limite\/Montreal Youth Unlimited<\/strong><\/p>\r\n<p>We have been working with Jgraphx for several years. They always delivered what we requested and went above and beyond to deliver on time and at our convenience.<strong>Keren Besner<\/strong><br \/><strong>Directrice Marketing et Strat\u00e9gie de Marque &#8211; Directrice Marketing et Strat\u00e9gie de marque<\/strong><br \/><strong>Sylvan Adams YM-YWHA | Ben Weider JCC | YCC Harry Bronfman<\/strong><\/p>\r\n<p>Amazing customer service, orders come in super fast and the quality is always the best! Thank you for everything over the years JGraphx!!!<strong>Apn\u00e9e Sant\u00e9 du Grand Montr\u00e9al<\/strong><\/p>\r\n<p>Absolutely, professional job, great update on delivery and good expectation for delivery date. The price is also very reasonable for a book of 1000 copies, which were printed for the temple. I would definitely recommend for others and order again on my own.<strong>Nanthakumary Vijayarajan<\/strong><\/p>\r\n","protected":false},"excerpt":{"rendered":"<p>PRICE, QUALITY AND SERVICE GUARANTEED! SEE OUR PRODUCTS PRODUCTS PRICE, QUALITY AND SERVICE GUARANTEED! SEE OUR PRODUCTS LEARN MORE WE OFFER PRINT SERVICES FOR ALL YOUR NEEDS LEARN MORE COLOUR PRINT0.25$ \/ PAGE MINIMUM 1000 PAGES LEARN MORE Product categories Retractable Banner Brochures \/ Flyers Postcards Promotional flags Catalogs Business Cards\u00a0 SEE ALL PRODUCTS testimonials&hellip;<\/p>\n","protected":false},"author":1,"featured_media":0,"parent":0,"menu_order":0,"comment_status":"closed","ping_status":"closed","template":"home.php","meta":{"_acf_changed":false,"footnotes":""},"class_list":["post-3895","page","type-page","status-publish","hentry"],"acf":[],"yoast_head":"<!-- This site is optimized with the Yoast SEO plugin v26.1.1 - https:\/\/yoast.com\/wordpress\/plugins\/seo\/ -->\n<title>Jgraphx is your West Island digital print shop for all your business printing needs.<\/title>\n<meta name=\"description\" content=\"Jgraphx prints your brochures and catalogues within 24 to 72 hours, right here in the West Island.\" \/>\n<meta name=\"robots\" content=\"index, follow, max-snippet:-1, max-image-preview:large, max-video-preview:-1\" \/>\n<link rel=\"canonical\" href=\"https:\/\/jgraphx.com\/en\/\" \/>\n<meta property=\"og:locale\" content=\"en_US\" \/>\n<meta property=\"og:type\" content=\"article\" \/>\n<meta property=\"og:title\" content=\"Jgraphx is your West Island digital print shop for all your business printing needs.\" \/>\n<meta property=\"og:description\" content=\"Jgraphx prints your brochures and catalogues within 24 to 72 hours, right here in the West Island.\" \/>\n<meta property=\"og:url\" content=\"https:\/\/jgraphx.com\/en\/\" \/>\n<meta property=\"og:site_name\" content=\"Jgraphx\" \/>\n<meta property=\"article:modified_time\" content=\"2024-09-05T20:33:32+00:00\" \/>\n<meta property=\"og:image\" content=\"https:\/\/jgraphx.com\/wp-content\/uploads\/2022\/01\/img3.jpg\" \/>\n<meta name=\"twitter:card\" content=\"summary_large_image\" \/>\n<meta name=\"twitter:label1\" content=\"Est. reading time\" \/>\n\t<meta name=\"twitter:data1\" content=\"4 minutes\" \/>\n<script type=\"application\/ld+json\" class=\"yoast-schema-graph\">{\"@context\":\"https:\/\/schema.org\",\"@graph\":[{\"@type\":\"WebPage\",\"@id\":\"https:\/\/jgraphx.com\/en\/\",\"url\":\"https:\/\/jgraphx.com\/en\/\",\"name\":\"Jgraphx is your West Island digital print shop for all your business printing needs.\",\"isPartOf\":{\"@id\":\"https:\/\/jgraphx.com\/#website\"},\"primaryImageOfPage\":{\"@id\":\"https:\/\/jgraphx.com\/en\/#primaryimage\"},\"image\":{\"@id\":\"https:\/\/jgraphx.com\/en\/#primaryimage\"},\"thumbnailUrl\":\"https:\/\/jgraphx.com\/wp-content\/uploads\/2022\/01\/img3.jpg\",\"datePublished\":\"2021-08-30T07:39:24+00:00\",\"dateModified\":\"2024-09-05T20:33:32+00:00\",\"description\":\"Jgraphx prints your brochures and catalogues within 24 to 72 hours, right here in the West Island.\",\"breadcrumb\":{\"@id\":\"https:\/\/jgraphx.com\/en\/#breadcrumb\"},\"inLanguage\":\"en-US\",\"potentialAction\":[{\"@type\":\"ReadAction\",\"target\":[\"https:\/\/jgraphx.com\/en\/\"]}]},{\"@type\":\"ImageObject\",\"inLanguage\":\"en-US\",\"@id\":\"https:\/\/jgraphx.com\/en\/#primaryimage\",\"url\":\"https:\/\/jgraphx.com\/wp-content\/uploads\/2022\/01\/img3.jpg\",\"contentUrl\":\"https:\/\/jgraphx.com\/wp-content\/uploads\/2022\/01\/img3.jpg\"},{\"@type\":\"BreadcrumbList\",\"@id\":\"https:\/\/jgraphx.com\/en\/#breadcrumb\",\"itemListElement\":[{\"@type\":\"ListItem\",\"position\":1,\"name\":\"Home\",\"item\":\"https:\/\/jgraphx.com\/en\/\"},{\"@type\":\"ListItem\",\"position\":2,\"name\":\"Home\"}]},{\"@type\":\"WebSite\",\"@id\":\"https:\/\/jgraphx.com\/#website\",\"url\":\"https:\/\/jgraphx.com\/\",\"name\":\"Jgraphx\",\"description\":\"Jgraphx\",\"potentialAction\":[{\"@type\":\"SearchAction\",\"target\":{\"@type\":\"EntryPoint\",\"urlTemplate\":\"https:\/\/jgraphx.com\/?s={search_term_string}\"},\"query-input\":{\"@type\":\"PropertyValueSpecification\",\"valueRequired\":true,\"valueName\":\"search_term_string\"}}],\"inLanguage\":\"en-US\"}]}<\/script>\n<!-- \/ Yoast SEO plugin. -->","yoast_head_json":{"title":"Jgraphx is your West Island digital print shop for all your business printing needs.","description":"Jgraphx prints your brochures and catalogues within 24 to 72 hours, right here in the West Island.","robots":{"index":"index","follow":"follow","max-snippet":"max-snippet:-1","max-image-preview":"max-image-preview:large","max-video-preview":"max-video-preview:-1"},"canonical":"https:\/\/jgraphx.com\/en\/","og_locale":"en_US","og_type":"article","og_title":"Jgraphx is your West Island digital print shop for all your business printing needs.","og_description":"Jgraphx prints your brochures and catalogues within 24 to 72 hours, right here in the West Island.","og_url":"https:\/\/jgraphx.com\/en\/","og_site_name":"Jgraphx","article_modified_time":"2024-09-05T20:33:32+00:00","og_image":[{"url":"https:\/\/jgraphx.com\/wp-content\/uploads\/2022\/01\/img3.jpg","type":"","width":"","height":""}],"twitter_card":"summary_large_image","twitter_misc":{"Est. reading time":"4 minutes"},"schema":{"@context":"https:\/\/schema.org","@graph":[{"@type":"WebPage","@id":"https:\/\/jgraphx.com\/en\/","url":"https:\/\/jgraphx.com\/en\/","name":"Jgraphx is your West Island digital print shop for all your business printing needs.","isPartOf":{"@id":"https:\/\/jgraphx.com\/#website"},"primaryImageOfPage":{"@id":"https:\/\/jgraphx.com\/en\/#primaryimage"},"image":{"@id":"https:\/\/jgraphx.com\/en\/#primaryimage"},"thumbnailUrl":"https:\/\/jgraphx.com\/wp-content\/uploads\/2022\/01\/img3.jpg","datePublished":"2021-08-30T07:39:24+00:00","dateModified":"2024-09-05T20:33:32+00:00","description":"Jgraphx prints your brochures and catalogues within 24 to 72 hours, right here in the West Island.","breadcrumb":{"@id":"https:\/\/jgraphx.com\/en\/#breadcrumb"},"inLanguage":"en-US","potentialAction":[{"@type":"ReadAction","target":["https:\/\/jgraphx.com\/en\/"]}]},{"@type":"ImageObject","inLanguage":"en-US","@id":"https:\/\/jgraphx.com\/en\/#primaryimage","url":"https:\/\/jgraphx.com\/wp-content\/uploads\/2022\/01\/img3.jpg","contentUrl":"https:\/\/jgraphx.com\/wp-content\/uploads\/2022\/01\/img3.jpg"},{"@type":"BreadcrumbList","@id":"https:\/\/jgraphx.com\/en\/#breadcrumb","itemListElement":[{"@type":"ListItem","position":1,"name":"Home","item":"https:\/\/jgraphx.com\/en\/"},{"@type":"ListItem","position":2,"name":"Home"}]},{"@type":"WebSite","@id":"https:\/\/jgraphx.com\/#website","url":"https:\/\/jgraphx.com\/","name":"Jgraphx","description":"Jgraphx","potentialAction":[{"@type":"SearchAction","target":{"@type":"EntryPoint","urlTemplate":"https:\/\/jgraphx.com\/?s={search_term_string}"},"query-input":{"@type":"PropertyValueSpecification","valueRequired":true,"valueName":"search_term_string"}}],"inLanguage":"en-US"}]}},"_links":{"self":[{"href":"https:\/\/jgraphx.com\/en\/wp-json\/wp\/v2\/pages\/3895","targetHints":{"allow":["GET"]}}],"collection":[{"href":"https:\/\/jgraphx.com\/en\/wp-json\/wp\/v2\/pages"}],"about":[{"href":"https:\/\/jgraphx.com\/en\/wp-json\/wp\/v2\/types\/page"}],"author":[{"embeddable":true,"href":"https:\/\/jgraphx.com\/en\/wp-json\/wp\/v2\/users\/1"}],"replies":[{"embeddable":true,"href":"https:\/\/jgraphx.com\/en\/wp-json\/wp\/v2\/comments?post=3895"}],"version-history":[{"count":22,"href":"https:\/\/jgraphx.com\/en\/wp-json\/wp\/v2\/pages\/3895\/revisions"}],"predecessor-version":[{"id":5959,"href":"https:\/\/jgraphx.com\/en\/wp-json\/wp\/v2\/pages\/3895\/revisions\/5959"}],"wp:attachment":[{"href":"https:\/\/jgraphx.com\/en\/wp-json\/wp\/v2\/media?parent=3895"}],"curies":[{"name":"wp","href":"https:\/\/api.w.org\/{rel}","templated":true}]}}